{"id":3132,"date":"2020-11-12T14:59:54","date_gmt":"2020-11-12T14:59:54","guid":{"rendered":"https:\/\/fundacionraed.org\/?page_id=3132"},"modified":"2020-11-12T15:41:12","modified_gmt":"2020-11-12T15:41:12","slug":"privacy","status":"publish","type":"page","link":"https:\/\/fundacionraed.org\/en\/privacy\/","title":{"rendered":"Privacy and data protection policy"},"content":{"rendered":"<p>[et_pb_section fb_built=&#8221;1&#8243; _builder_version=&#8221;4.4.6&#8243;][et_pb_row _builder_version=&#8221;4.4.6&#8243;][et_pb_column type=&#8221;4_4&#8243; _builder_version=&#8221;4.4.6&#8243;][et_pb_post_title meta=&#8221;off&#8221; featured_image=&#8221;off&#8221; _builder_version=&#8221;4.6.6&#8243; _module_preset=&#8221;default&#8221;][\/et_pb_post_title][et_pb_text _builder_version=&#8221;4.6.6&#8243; hover_enabled=&#8221;0&#8243; sticky_enabled=&#8221;0&#8243;]<\/p>\n<div class=\"post-content entry-content\">\n<p>The data protection policy listed below regulates the processing of personal data collected by any means carried out by the Pro Real Academia Europea de Doctores Foundation. Barcelona 1914, in the development of its functions and activities.<\/p>\n<h2>1. Identity of the data controller<\/h2>\n<p>The responsible for the processing of personal data is:<\/p>\n<p>Fundaci\u00f3n Pro Real Academia Europea de Doctores. Barcelona 1914<br \/>\nNIF: G67381954<br \/>\nVia Laietana, 32 \u2013 3rd floor, office 305, Fomento del Trabajo building &#8211; 08003 Barcelona<\/p>\n<h2>2. Purpose of data processing<\/h2>\n<p>The data that a person provides to the Pro Royal European Academy of Doctors Foundation. Barcelona 1914, (hereinafter the Foundation), by any means are treated in accordance with current legislation on data protection, with the sole purpose of delivering or serving the requested service.<\/p>\n<p>In each of these media, the Foundation provides detailed information on the purpose of the data processing that will be carried out solely and exclusively if the person has authorized this processing.<\/p>\n<p>The information regarding the different purposes for which personal data can be collected is detailed below:<\/p>\n<p>&nbsp;<\/p>\n<table>\n<tbody>\n<tr>\n<th>Purpose of the treatment<\/th>\n<th>What does the Foundation use personal data for?<\/th>\n<th>How long does the Foundation keep personal data?<\/th>\n<\/tr>\n<tr>\n<td>Requests through the forms on the Foundation&#8217;s website: <a href=\"https:\/\/fundacionraed.org\/en\/\" target=\"_blank\" rel=\"noopener noreferrer\">https:\/\/fundacionraed.org\/en\/<\/a><\/td>\n<td>Respond to requests for information related to the Foundation and its activities.<\/td>\n<td>Once the request or query is answered, the data is deleted.<\/td>\n<\/tr>\n<tr>\n<td>Regular sending of the Foundation&#8217;s electronic newsletter, only to people subscribed to it. For this purpose, the Foundation uses the services of the Mailchimp provider.<\/td>\n<td>The purpose of the electronic bulletins is the dissemination of knowledge, the main objective of the Foundation, through news, information on debates, conferences and other activities organized or co-organized by the Foundation.<\/td>\n<td>It keeps the data until the moment in which the subscribed person requests not to receive further communications, at which time the data is deleted. The subscriber can cancel her subscription to the newsletter at any time through the link that appears in each communication, or by contacting the Foundation by any means.<\/td>\n<\/tr>\n<tr>\n<td>Request to attend an event\/activity organized by the Foundation<\/td>\n<td>Forecast of those attending the event for the control and correct management of the capacity.<\/td>\n<td>At the end of the event, the data is deleted.<\/td>\n<\/tr>\n<tr>\n<td>Job offers and curricular data<\/td>\n<td>Treats personal data for the management of the candidate database<\/td>\n<td>Keep personal data for a period of five years, after which they are destroyed<\/td>\n<\/tr>\n<tr>\n<td>Providers<\/td>\n<td>Treats personal data for the management of professional relationships, and they are not transferred to third parties, except in the case of legal issues arising from this relationship<\/td>\n<td>Keep personal data beyond the end of the professional relationship, as part of the historical record<\/td>\n<\/tr>\n<\/tbody>\n<\/table>\n<p>The interested person provides their data voluntarily at all times, which guarantees that the personal data provided is true; The Foundation reserves the right to exclude people who have provided false information from the services, without prejudice to other actions that may be required by law.<\/p>\n<p>The data provided is processed solely for the purpose for which it was requested and authorized by the person concerned. The data is not transferred to third parties, unless the interested party has expressly authorized it or for legal reasons.<\/p>\n<h2>3. The rights of people when they provide their data<\/h2>\n<p>At any time, a person can request and obtain information on how and for what the Foundation processes their data. This person can:<\/p>\n<ul>\n<li>Access their data, that is, request what data the Foundation has of yours and what use it does.<\/li>\n<li>Rectify their data, that is, request the modification or rectification of inaccurate data.<\/li>\n<li>Delete their data, that is, request that your data be deleted and no other treatment be done, outside of those that the law requires to keep.<\/li>\n<li>Oppose a treatment, that is, that the Foundation does not make a specific use of their data.<\/li>\n<li>Limit the treatment, that is, request that their data be kept solely for legal needs.<\/li>\n<li>Data portability, that is, the Foundation must deliver the data in a compatible format so that it can take it to a third party that has offered a service.<\/li>\n<\/ul>\n<p>For any of these procedures, the interested party can contact the Foundation with the indication of the right they want to exercise (access, rectification, deletion, opposition, limitation of the treatment or portability of the data), together with a copy of their ID, by anyone of the following means:<\/p>\n<p><em><strong>Address a letter to:<\/strong><\/em><\/p>\n<ul>\n<li>Fundaci\u00f3n Pro Real Academia Europea de Doctores. Barcelona 1914<br \/>\nVia Laietana, 32 \u2013 3rd floor, office 305, Fomento del Trabajo building &#8211; 08003 Barcelona<\/li>\n<li>By email to <strong>info@fundacionraed.org<\/strong><\/li>\n<li>or by phone at <strong>93 667 40 54<\/strong><\/li>\n<\/ul>\n<p>Likewise, if the interested party wishes to know more information about the processing of personal data carried out by the Foundation, they can contact this institution at the email <strong>info@fundacionraed.org<\/strong>.<\/p>\n<\/div>\n<p>[\/et_pb_text][\/et_pb_column][\/et_pb_row][\/et_pb_section]<\/p>\n<span class=\"et_bloom_bottom_trigger\"><\/span>","protected":false},"excerpt":{"rendered":"<p>The data protection policy listed below regulates the processing of personal data collected by any means carried out by the Pro Real Academia Europea de Doctores Foundation. Barcelona 1914, in the development of its functions and activities. 1. Identity of the data controller The responsible for the processing of personal data is: Fundaci\u00f3n Pro Real [&hellip;]<\/p>\n","protected":false},"author":1,"featured_media":0,"parent":0,"menu_order":0,"comment_status":"closed","ping_status":"closed","template":"","meta":{"_et_pb_use_builder":"on","_et_pb_old_content":"<p>[et_pb_section fb_built=\"1\" _builder_version=\"4.4.6\"][et_pb_row _builder_version=\"4.4.6\"][et_pb_column type=\"4_4\" _builder_version=\"4.4.6\"][et_pb_post_title _builder_version=\"4.6.6\" _module_preset=\"default\" meta=\"off\" featured_image=\"off\" hover_enabled=\"0\" sticky_enabled=\"0\"][\/et_pb_post_title][et_pb_text _builder_version=\"4.4.6\"]<\/p><div class=\"post-content entry-content\"><p>La pol\u00edtica de protecci\u00f3n de datos que se enumera a continuaci\u00f3n regula el tratamiento de los datos de car\u00e1cter personal recogidos por cualquier medio que lleva a cabo la <strong>Fundaci\u00f3n Pro Real Academia Europea de Doctores. Barcelona 1914<\/strong>,\u00a0 en el desarrollo de sus funciones y actividades.<\/p><h2>1. Identidad del responsable del tratamiento<\/h2><p>El responsable del tratamiento de los datos personales es:<\/p><p>Fundaci\u00f3n Pro Real Academia Europea de Doctores. Barcelona 1914<br \/>NIF: G67381954<br \/>Via Laietana, 32 \u2013 3r piso, despacho 305, Edificio Fomento del Trabajo - 08003 Barcelona<\/p><h2>2. Finalidad del tratamiento de los datos<\/h2><p>Los datos que una persona suministra a la <strong>Fundaci\u00f3n Pro Real Academia Europea de Doctores. Barcelona 1914<\/strong>, (en adelante la <strong>Fundaci\u00f3n<\/strong>), por cualquier medio son tratados de acuerdo con la legislaci\u00f3n vigente en materia de protecci\u00f3n de datos, con el \u00fanico fin de entregar o atender el servicio solicitado.<\/p><p>En cada uno de estos medios, la Fundaci\u00f3n informa detalladamente de la finalidad del tratamiento de los datos que se llevar\u00e1 a cabo \u00fanica y exclusivamente si la persona ha autorizado este tratamiento.<\/p><p>A continuaci\u00f3n se detalla la informaci\u00f3n relativa a las diferentes finalidades por las cuales se pueden recoger datos personales:<\/p><p>\u00a0<\/p><table><tbody><tr><th>Objeto del tratamiento<\/th><th>Para qu\u00e9 usa la Fundaci\u00f3n los datos personales<\/th><th>Cuanto tiempo conserva la Fundaci\u00f3n los datos personales<\/th><\/tr><tr><td>Solicitudes a trav\u00e9s de los formularios en el sitio web de la Fundaci\u00f3n: <a href=\"https:\/\/fundacionraed.org\/\" target=\"_blank\" rel=\"noopener noreferrer\">https:\/\/fundacionraed.org\/<\/a><\/td><td>Atender solicitudes de informaci\u00f3n relacionada con la Fundaci\u00f3n y sus actividades.<\/td><td>Una vez atendida la solicitud o consulta, los datos son suprimidos.<\/td><\/tr><tr><td>Env\u00edo regular del bolet\u00edn de noticias de la Fundaci\u00f3n, \u00fanicamente a personas suscritas. Para este objetivo la Fundaci\u00f3n utiliza los servicios del proveedor Mailchimp.<\/td><td>La difusi\u00f3n del conocimiento, objetivo principal de la Fundaci\u00f3n, informaci\u00f3n sobre debates, conferencias y otras actividades.<\/td><td>Conserva los datos hasta el momento en que la persona suscrita solicita no recibir m\u00e1s comunicaciones, momento en el que los datos son suprimidos. El suscriptor puede cancelar su suscripci\u00f3n al bolet\u00edn en cualquier momento mediante el enlace que aparece en cada comunicado, o contactando con la Fundaci\u00f3n por cualquier medio.<\/td><\/tr><tr><td>Solicitud de asistencia a un acto\/actividad organizado por la Fundaci\u00f3n<\/td><td>Previsi\u00f3n de los asistentes al acto para el control y la correcta gesti\u00f3n del aforo.<\/td><td>Al finalizar el acto\/actividad los datos son suprimidos.<\/td><\/tr><tr><td>Ofertas de trabajo y datos curriculares<\/td><td>Trata los datos personales para la gesti\u00f3n de la base de datos de candidatos<\/td><td>Conserva los datos personales durante un per\u00edodo de cinco a\u00f1os, pasados \u200b\u200blos cuales son destruidos<\/td><\/tr><tr><td>Proveedores<\/td><td>Trata los datos personales para la gesti\u00f3n de las relaciones profesionales, y no son cedidos a terceros, salvo que se trate de cuestiones legales derivadas de esta relaci\u00f3n<\/td><td>Conserva los datos personales m\u00e1s all\u00e1 de la finalizaci\u00f3n de la relaci\u00f3n profesional, como parte del registro hist\u00f3rico<\/td><\/tr><\/tbody><\/table><p>La persona interesada suministra sus datos de manera voluntaria en todo momento, lo que garantiza que los datos personales facilitados son veraces; la Fundaci\u00f3n se reserva el derecho a excluir de los servicios a las personas que hayan facilitado datos falsos, sin perjuicio de las dem\u00e1s acciones que procedan en derecho.<\/p><p>Los datos entregados son tratados \u00fanicamente con la finalidad para la que se pidieron y fueron autorizados por la persona interesada. No se ceden los datos a terceros, a menos que el interesado lo haya autorizado expresamente o por cuestiones legales.<\/p><h2>3. Los derechos de las personas cuando facilitan sus datos<\/h2><p>En cualquier momento, una persona puede solicitar y obtener informaci\u00f3n de c\u00f3mo y para qu\u00e9 trata la Fundaci\u00f3n sus datos. Esta persona puede:<\/p><ul><li>Acceder a sus datos, es decir, solicitar qu\u00e9 datos suyos tiene la Fundaci\u00f3n y qu\u00e9 uso hace.<\/li><li>Rectificar sus datos, es decir, solicitar la modificaci\u00f3n o la rectificaci\u00f3n de datos inexactos.<\/li><li>Suprimir sus datos, es decir, solicitar que sus datos sean eliminados y no se haga ning\u00fan otro tratamiento, fuera de los que la ley exige conservar.<\/li><li>Oponerse a un tratamiento, es decir, que la Fundaci\u00f3n no haga un uso concreto de sus datos.<\/li><li>Limitar el tratamiento, es decir, solicitar que sus datos sean conservados \u00fanicamente por necesidades legales.<\/li><li>Portabilidad de los datos, es decir, que la Fundaci\u00f3n le debe entregar los datos en un formato compatible para que los pueda llevar a un tercero que le ha ofrecido un servicio.<\/li><\/ul><p>Para cualquiera de estas gestiones, el interesado puede dirigirse a la Fundaci\u00f3n con la indicaci\u00f3n del derecho que quiere ejercer (acceso, rectificaci\u00f3n, supresi\u00f3n, oposici\u00f3n, limitaci\u00f3n del tratamiento o portabilidad de los datos), junto con una copia de su DNI, por cualquiera de los medios siguientes:<\/p><p><em><strong>Dirigir un escrito a:<\/strong><\/em><\/p><ul><li>Fundaci\u00f3n Pro Real Academia Europea de Doctores. Barcelona 1914<br \/>Via Laietana, 32 \u2013 3r piso, despacho 305, Edificio Fomento del Trabajo - 08003 Barcelona<\/li><li>Por correo electr\u00f3nico a <strong>info@fundacionraed.org<\/strong><\/li><li>o v\u00eda telef\u00f3nica al <strong>93 667 40 54<\/strong><\/li><\/ul><p>Igualmente, si el interesado desea conocer m\u00e1s informaci\u00f3n sobre los tratamientos de datos personales que lleva a cabo la Fundaci\u00f3n, puede ponerse en contacto con esta instituci\u00f3n al correo electr\u00f3nico <strong>info@fundacionraed.org<\/strong>.<\/p><\/div><p>[\/et_pb_text][\/et_pb_column][\/et_pb_row][\/et_pb_section]<\/p>","_et_gb_content_width":"","footnotes":""},"class_list":["post-3132","page","type-page","status-publish","hentry"],"yoast_head":"<!-- This site is optimized with the Yoast SEO plugin v27.3 - https:\/\/yoast.com\/product\/yoast-seo-wordpress\/ -->\n<title>Privacy and data protection policy &#183; RAED Foundation<\/title>\n<meta name=\"robots\" content=\"index, follow, max-snippet:-1, max-image-preview:large, max-video-preview:-1\" \/>\n<link rel=\"canonical\" href=\"https:\/\/fundacionraed.org\/en\/privacy\/\" \/>\n<meta property=\"og:locale\" content=\"en_US\" \/>\n<meta property=\"og:type\" content=\"article\" \/>\n<meta property=\"og:title\" content=\"Privacy and data protection policy &#183; RAED Foundation\" \/>\n<meta property=\"og:description\" content=\"En este debate en formato webinar, \u201cLa Econom\u00eda despu\u00e9s de la Pandemia\u201d, intervienen dos grandes economistas que adem\u00e1s son excelentes comunicadores, el Dr. Aldo Olcese y el Dr. Jos\u00e9 M\u00aa Gay de Li\u00e9bana, moderados por el Dr. Santiago Castell\u00e1, Profesor de la URV y Secretario de la Fundaci\u00f3n de la Real Academia Europea de Doctores.Participantes\" \/>\n<meta property=\"og:url\" content=\"https:\/\/fundacionraed.org\/en\/privacy\/\" \/>\n<meta property=\"og:site_name\" content=\"RAED Foundation\" \/>\n<meta property=\"article:publisher\" content=\"https:\/\/www.facebook.com\/raed.academy\" \/>\n<meta property=\"article:modified_time\" content=\"2020-11-12T15:41:12+00:00\" \/>\n<meta name=\"twitter:card\" content=\"summary_large_image\" \/>\n<meta name=\"twitter:site\" content=\"@FundacionRaed\" \/>\n<meta name=\"twitter:label1\" content=\"Est. reading time\" \/>\n\t<meta name=\"twitter:data1\" content=\"4 minutes\" \/>\n<script type=\"application\/ld+json\" class=\"yoast-schema-graph\">{\"@context\":\"https:\\\/\\\/schema.org\",\"@graph\":[{\"@type\":\"WebPage\",\"@id\":\"https:\\\/\\\/fundacionraed.org\\\/en\\\/privacy\\\/\",\"url\":\"https:\\\/\\\/fundacionraed.org\\\/en\\\/privacy\\\/\",\"name\":\"Privacy and data protection policy &#183; RAED Foundation\",\"isPartOf\":{\"@id\":\"https:\\\/\\\/fundacionraed.org\\\/#website\"},\"datePublished\":\"2020-11-12T14:59:54+00:00\",\"dateModified\":\"2020-11-12T15:41:12+00:00\",\"breadcrumb\":{\"@id\":\"https:\\\/\\\/fundacionraed.org\\\/en\\\/privacy\\\/#breadcrumb\"},\"inLanguage\":\"en-US\",\"potentialAction\":[{\"@type\":\"ReadAction\",\"target\":[\"https:\\\/\\\/fundacionraed.org\\\/en\\\/privacy\\\/\"]}]},{\"@type\":\"BreadcrumbList\",\"@id\":\"https:\\\/\\\/fundacionraed.org\\\/en\\\/privacy\\\/#breadcrumb\",\"itemListElement\":[{\"@type\":\"ListItem\",\"position\":1,\"name\":\"Home\",\"item\":\"https:\\\/\\\/fundacionraed.org\\\/en\\\/nueva-portada\\\/\"},{\"@type\":\"ListItem\",\"position\":2,\"name\":\"Privacy and data protection policy\"}]},{\"@type\":\"WebSite\",\"@id\":\"https:\\\/\\\/fundacionraed.org\\\/#website\",\"url\":\"https:\\\/\\\/fundacionraed.org\\\/\",\"name\":\"RAED Foundation\",\"description\":\"Fundaci\u00f3n Pro Real Academia Europea de Doctores. Barcelona 1914\",\"publisher\":{\"@id\":\"https:\\\/\\\/fundacionraed.org\\\/#organization\"},\"potentialAction\":[{\"@type\":\"SearchAction\",\"target\":{\"@type\":\"EntryPoint\",\"urlTemplate\":\"https:\\\/\\\/fundacionraed.org\\\/?s={search_term_string}\"},\"query-input\":{\"@type\":\"PropertyValueSpecification\",\"valueRequired\":true,\"valueName\":\"search_term_string\"}}],\"inLanguage\":\"en-US\"},{\"@type\":\"Organization\",\"@id\":\"https:\\\/\\\/fundacionraed.org\\\/#organization\",\"name\":\"Fundaci\u00f3n Pro RAED\",\"url\":\"https:\\\/\\\/fundacionraed.org\\\/\",\"logo\":{\"@type\":\"ImageObject\",\"inLanguage\":\"en-US\",\"@id\":\"https:\\\/\\\/fundacionraed.org\\\/#\\\/schema\\\/logo\\\/image\\\/\",\"url\":\"https:\\\/\\\/fundacionraed.org\\\/wp-content\\\/uploads\\\/2020\\\/04\\\/Logo-Fundacion-RAED-600px.jpg\",\"contentUrl\":\"https:\\\/\\\/fundacionraed.org\\\/wp-content\\\/uploads\\\/2020\\\/04\\\/Logo-Fundacion-RAED-600px.jpg\",\"width\":600,\"height\":268,\"caption\":\"Fundaci\u00f3n Pro RAED\"},\"image\":{\"@id\":\"https:\\\/\\\/fundacionraed.org\\\/#\\\/schema\\\/logo\\\/image\\\/\"},\"sameAs\":[\"https:\\\/\\\/www.facebook.com\\\/raed.academy\",\"https:\\\/\\\/x.com\\\/FundacionRaed\",\"https:\\\/\\\/www.linkedin.com\\\/company\\\/fundacion-raed\\\/\",\"https:\\\/\\\/www.youtube.com\\\/channel\\\/UCiNjYaLeBkGeQ3xy2eHJ10w\\\/\"]}]}<\/script>\n<!-- \/ Yoast SEO plugin. -->","yoast_head_json":{"title":"Privacy and data protection policy &#183; RAED Foundation","robots":{"index":"index","follow":"follow","max-snippet":"max-snippet:-1","max-image-preview":"max-image-preview:large","max-video-preview":"max-video-preview:-1"},"canonical":"https:\/\/fundacionraed.org\/en\/privacy\/","og_locale":"en_US","og_type":"article","og_title":"Privacy and data protection policy &#183; RAED Foundation","og_description":"En este debate en formato webinar, \u201cLa Econom\u00eda despu\u00e9s de la Pandemia\u201d, intervienen dos grandes economistas que adem\u00e1s son excelentes comunicadores, el Dr. Aldo Olcese y el Dr. Jos\u00e9 M\u00aa Gay de Li\u00e9bana, moderados por el Dr. Santiago Castell\u00e1, Profesor de la URV y Secretario de la Fundaci\u00f3n de la Real Academia Europea de Doctores.Participantes","og_url":"https:\/\/fundacionraed.org\/en\/privacy\/","og_site_name":"RAED Foundation","article_publisher":"https:\/\/www.facebook.com\/raed.academy","article_modified_time":"2020-11-12T15:41:12+00:00","twitter_card":"summary_large_image","twitter_site":"@FundacionRaed","twitter_misc":{"Est. reading time":"4 minutes"},"schema":{"@context":"https:\/\/schema.org","@graph":[{"@type":"WebPage","@id":"https:\/\/fundacionraed.org\/en\/privacy\/","url":"https:\/\/fundacionraed.org\/en\/privacy\/","name":"Privacy and data protection policy &#183; RAED Foundation","isPartOf":{"@id":"https:\/\/fundacionraed.org\/#website"},"datePublished":"2020-11-12T14:59:54+00:00","dateModified":"2020-11-12T15:41:12+00:00","breadcrumb":{"@id":"https:\/\/fundacionraed.org\/en\/privacy\/#breadcrumb"},"inLanguage":"en-US","potentialAction":[{"@type":"ReadAction","target":["https:\/\/fundacionraed.org\/en\/privacy\/"]}]},{"@type":"BreadcrumbList","@id":"https:\/\/fundacionraed.org\/en\/privacy\/#breadcrumb","itemListElement":[{"@type":"ListItem","position":1,"name":"Home","item":"https:\/\/fundacionraed.org\/en\/nueva-portada\/"},{"@type":"ListItem","position":2,"name":"Privacy and data protection policy"}]},{"@type":"WebSite","@id":"https:\/\/fundacionraed.org\/#website","url":"https:\/\/fundacionraed.org\/","name":"RAED Foundation","description":"Fundaci\u00f3n Pro Real Academia Europea de Doctores. Barcelona 1914","publisher":{"@id":"https:\/\/fundacionraed.org\/#organization"},"potentialAction":[{"@type":"SearchAction","target":{"@type":"EntryPoint","urlTemplate":"https:\/\/fundacionraed.org\/?s={search_term_string}"},"query-input":{"@type":"PropertyValueSpecification","valueRequired":true,"valueName":"search_term_string"}}],"inLanguage":"en-US"},{"@type":"Organization","@id":"https:\/\/fundacionraed.org\/#organization","name":"Fundaci\u00f3n Pro RAED","url":"https:\/\/fundacionraed.org\/","logo":{"@type":"ImageObject","inLanguage":"en-US","@id":"https:\/\/fundacionraed.org\/#\/schema\/logo\/image\/","url":"https:\/\/fundacionraed.org\/wp-content\/uploads\/2020\/04\/Logo-Fundacion-RAED-600px.jpg","contentUrl":"https:\/\/fundacionraed.org\/wp-content\/uploads\/2020\/04\/Logo-Fundacion-RAED-600px.jpg","width":600,"height":268,"caption":"Fundaci\u00f3n Pro RAED"},"image":{"@id":"https:\/\/fundacionraed.org\/#\/schema\/logo\/image\/"},"sameAs":["https:\/\/www.facebook.com\/raed.academy","https:\/\/x.com\/FundacionRaed","https:\/\/www.linkedin.com\/company\/fundacion-raed\/","https:\/\/www.youtube.com\/channel\/UCiNjYaLeBkGeQ3xy2eHJ10w\/"]}]}},"_links":{"self":[{"href":"https:\/\/fundacionraed.org\/en\/wp-json\/wp\/v2\/pages\/3132","targetHints":{"allow":["GET"]}}],"collection":[{"href":"https:\/\/fundacionraed.org\/en\/wp-json\/wp\/v2\/pages"}],"about":[{"href":"https:\/\/fundacionraed.org\/en\/wp-json\/wp\/v2\/types\/page"}],"author":[{"embeddable":true,"href":"https:\/\/fundacionraed.org\/en\/wp-json\/wp\/v2\/users\/1"}],"replies":[{"embeddable":true,"href":"https:\/\/fundacionraed.org\/en\/wp-json\/wp\/v2\/comments?post=3132"}],"version-history":[{"count":7,"href":"https:\/\/fundacionraed.org\/en\/wp-json\/wp\/v2\/pages\/3132\/revisions"}],"predecessor-version":[{"id":3147,"href":"https:\/\/fundacionraed.org\/en\/wp-json\/wp\/v2\/pages\/3132\/revisions\/3147"}],"wp:attachment":[{"href":"https:\/\/fundacionraed.org\/en\/wp-json\/wp\/v2\/media?parent=3132"}],"curies":[{"name":"wp","href":"https:\/\/api.w.org\/{rel}","templated":true}]}}