{"id":7845,"date":"2022-06-21T08:42:22","date_gmt":"2022-06-21T08:42:22","guid":{"rendered":"https:\/\/fundacionraed.org\/?page_id=7845"},"modified":"2022-06-22T14:29:06","modified_gmt":"2022-06-22T14:29:06","slug":"2022-report","status":"publish","type":"page","link":"https:\/\/fundacionraed.org\/en\/vital-challenges\/2022-report\/","title":{"rendered":"2022 Challenges for a new era"},"content":{"rendered":"<p>[et_pb_section fb_built=&#8221;1&#8243; fullwidth=&#8221;on&#8221; _builder_version=&#8221;4.17.4&#8243; _module_preset=&#8221;default&#8221; locked=&#8221;off&#8221; global_colors_info=&#8221;{}&#8221;][et_pb_fullwidth_code admin_label=&#8221;C\u00f3digo &#8211; carga GSAP desde CDN&#8221; _builder_version=&#8221;4.17.4&#8243; _module_preset=&#8221;default&#8221; global_colors_info=&#8221;{}&#8221;]<script src=\"https:\/\/cdnjs.cloudflare.com\/ajax\/libs\/gsap\/3.10.4\/gsap.min.js\"><\/script>[\/et_pb_fullwidth_code][et_pb_fullwidth_header text_orientation=&#8221;right&#8221; header_fullscreen=&#8221;on&#8221; header_scroll_down=&#8221;on&#8221; scroll_down_icon=&#8221;%%1%%&#8221; logo_image_url=&#8221;https:\/\/fundacionraed.org\/wp-content\/uploads\/2022\/05\/logo-Retos-Vitales-2022-Gris-600px.png&#8221; admin_label=&#8221;T\u00edtulo de anchura completa con bot\u00f3n de desplazamiento hacia abajo, fonido y logo Retos Vitales 2022&#8243; module_id=&#8221;cabecera-rv&#8221; _builder_version=&#8221;4.17.4&#8243; _module_preset=&#8221;default&#8221; background_enable_color=&#8221;off&#8221; background_image=&#8221;https:\/\/fundacionraed.org\/wp-content\/uploads\/2022\/05\/portada-2022-Retos-Vitales-para-una-nueva-era.webp&#8221; animation_style=&#8221;fade&#8221; animation_starting_opacity=&#8221;50%&#8221; custom_css_logo=&#8221;position: absolute;||top: 10%;||right: 0;||width: 500px;&#8221; global_colors_info=&#8221;{}&#8221;][\/et_pb_fullwidth_header][\/et_pb_section][et_pb_section fb_built=&#8221;1&#8243; fullwidth=&#8221;on&#8221; _builder_version=&#8221;4.17.4&#8243; _module_preset=&#8221;default&#8221; global_colors_info=&#8221;{}&#8221;][et_pb_fullwidth_header header_scroll_down=&#8221;on&#8221; scroll_down_icon=&#8221;%%1%%&#8221; scroll_down_icon_color=&#8221;#FFFFFF&#8221; admin_label=&#8221;T\u00edtulo de anchura completa con bot\u00f3n de desplazamiento hacia abajo&#8221; _builder_version=&#8221;4.17.4&#8243; _module_preset=&#8221;default&#8221; global_colors_info=&#8221;{}&#8221;]<\/p>\n<h2>What is Challenges for a new era?<\/h2>\n<p>The <em>Challenges for a new era<\/em> project is a unique and innovative initiative born from the RAED Foundation with the aim of inspiring society through the transmission of knowledge that integrates the Royal European Academy of Doctors (RAED). Our purpose is to promote effective actions that allow us to face with hope the social, economic and ecological challenges that condition our lives today and also that of future generations.<\/p>\n<h2>The second volume of Challenges for a new era<\/h2>\n<p>We dedicate this second volume of &#8220;Challenges for a new era&#8221; to all those people, companies and organizations that, through their commitment to knowledge, wisdom and action, give part of their lives to creating a better world for all.<\/p>\n<blockquote>\n<p>\u201cA return to the dust of the stars\u201d The atoms that make up the human body were produced inside a star, stardust is transformed into a planet, and human beings are made of that material that, under suitable conditions, forms life. The organization that atoms have to constitute the human body is only temporary. Furthermore, some of the atoms that are now part of the human body were in the past possibly also part of the atmosphere, the ocean, the soil, a plant, or a dinosaur. All the elements that generate life come from the interior of the stars.<\/p>\n<p><strong>Dr. Joan Or\u00f3 Florensa<\/strong> (1923\u20132004)<br \/>Honorary Academician of the Royal European Academy of Doctors<\/p>\n<\/blockquote>\n<p>&nbsp;<\/p>\n<div id=\"organizadores\">\n<div class=\"logo-colaborador\"><a href=\"https:\/\/fundacionraed.org\/\" target=\"_blank\" rel=\"noopener noreferrer\"><img decoding=\"async\" src=\"https:\/\/fundacionraed.org\/wp-content\/uploads\/2020\/11\/Logo-Fundacion-RAED-VBlanco-326px.png\" alt=\"Fundaci\u00f3n RAED\" width=\"150\" \/><\/a><\/div>\n<div class=\"logo-colaborador\"><a href=\"https:\/\/raed.academy\/\" target=\"_blank\" rel=\"noopener noreferrer\"><img decoding=\"async\" src=\"https:\/\/raed.academy\/wp-content\/uploads\/2022\/06\/Logo-RAED-blanco-fondo-transparente-170px.png\" alt=\"Real Academia Europea de Doctores RAED\" width=\"170\" \/><\/a><\/div>\n<div class=\"logo-colaborador\"><a href=\"http:\/\/justicia.gencat.cat\/ca\/inici\" target=\"_blank\" rel=\"noopener noreferrer\"><img decoding=\"async\" src=\"https:\/\/raed.academy\/wp-content\/uploads\/2022\/06\/Generalitat-de-Catalunya-dept-Justicia-blnc.png\" alt=\"Generalitat de catalunya\" width=\"200\" \/><\/a><\/div>\n<div class=\"logo-colaborador\"><a href=\"https:\/\/fundacioncajasol.com\/\" target=\"_blank\" rel=\"noopener noreferrer\"><img decoding=\"async\" src=\"https:\/\/raed.academy\/wp-content\/uploads\/2022\/06\/Cajasol-Fundacion-logo-web.png\" alt=\"Fundaci\u00f3n Cajasol\" width=\"170\" \/><\/a><\/div>\n<\/div>\n<p>[\/et_pb_fullwidth_header][\/et_pb_section][et_pb_section fb_built=&#8221;1&#8243; fullwidth=&#8221;on&#8221; admin_label=&#8221;Acorde\u00f3n de imagenes, cap\u00edtulos Retos Vitales #acordeon-img&#8221; module_id=&#8221;acordeon-img&#8221; _builder_version=&#8221;4.17.4&#8243; _module_preset=&#8221;default&#8221; min_height=&#8221;1200px&#8221; global_colors_info=&#8221;{}&#8221;][et_pb_fullwidth_code admin_label=&#8221;C\u00f3digo &#8211; HTML&#8221; _builder_version=&#8221;4.17.4&#8243; _module_preset=&#8221;default&#8221; width=&#8221;100%&#8221; global_colors_info=&#8221;{}&#8221;]<\/p>\n<div id=\"fondo\"><\/div>\n<p><!-- [et_pb_line_break_holder] --><\/p>\n<div id=\"primerPlano\"><\/div>\n<p>[\/et_pb_fullwidth_code][et_pb_fullwidth_code admin_label=&#8221;c\u00f3digo JS&#8221; _builder_version=&#8221;4.17.4&#8243; _module_preset=&#8221;default&#8221; global_colors_info=&#8221;{}&#8221;]<script><!-- [et_pb_line_break_holder] -->var capitulos = [<!-- [et_pb_line_break_holder] -->  c1 = {titulo: \"Un mundo m\u00e1s sostenible\", url: \"https:\/\/fundacionraed.org\/retos-vitales\/informe-2022\/mundo-sostenible\/\", imagen: 'https:\/\/fundacionraed.org\/wp-content\/uploads\/2022\/04\/cpt1-mundo-sostenible-Vaca-Serrana-pg15-prpr1.5.webp'},<!-- [et_pb_line_break_holder] -->  c2 = {titulo: \"Un mundo m\u00e1s saludable\", url: \"https:\/\/fundacionraed.org\/retos-vitales\/informe-2022\/mundo-saludable\/\", imagen: 'https:\/\/fundacionraed.org\/wp-content\/uploads\/2022\/04\/cpt2-mundo-saludable-Garca-Blanca.webp'},<!-- [et_pb_line_break_holder] -->  c3 = {titulo: \"Un mundo m\u00e1s solidario\", url: \"https:\/\/fundacionraed.org\/retos-vitales\/informe-2022\/mundo-solidario\/\", imagen: 'https:\/\/fundacionraed.org\/wp-content\/uploads\/2022\/04\/cpt3-mundo-solidario-Imagen-presentacion-C3-A4-Max-i-Noa-els-pescadors.-Foto-Miquel-Ventura.webp'},<!-- [et_pb_line_break_holder] -->  c4 = {titulo: \"Un mundo m\u00e1s digital\", url: \"https:\/\/fundacionraed.org\/retos-vitales\/informe-2022\/mundo-digital\/\", imagen:'https:\/\/fundacionraed.org\/wp-content\/uploads\/2022\/04\/cpt4-mundo-digital-shutt_smart-cities-mundo-digital.webp'},<!-- [et_pb_line_break_holder] -->  c5 = {titulo: \"Un mundo m\u00e1s inclusivo\", url: \"https:\/\/fundacionraed.org\/retos-vitales\/informe-2022\/mundo-inclusivo\/\", imagen:'https:\/\/fundacionraed.org\/wp-content\/uploads\/2022\/04\/cpt5-mundo-saludable-Imatge-II-Presentacio-A2-C5.-butterffy-on-lavender.-Miquel-Ventura.webp'}<!-- [et_pb_line_break_holder] -->]<!-- [et_pb_line_break_holder] --><!-- [et_pb_line_break_holder] -->actual = 0;<!-- [et_pb_line_break_holder] -->\/* anchoCerrado obtiene la d\u00e9cima parte del tama\u00f1o de la ventana. Esto lo consigue tomando Window.innerWidth, que devuelve el ancho interior de la ventana en p\u00edxels, y dividiendo este entre 10: *\/<!-- [et_pb_line_break_holder] -->anchoCerrado = Math.floor(window.innerWidth\/10)<!-- [et_pb_line_break_holder] -->numDiapos = capitulos.length<!-- [et_pb_line_break_holder] --><!-- [et_pb_line_break_holder] -->for (var i=0; i<numDiapos; i++){<!-- [et_pb_line_break_holder] -->  var imgFondo = document.createElement('div');<!-- [et_pb_line_break_holder] -->  fondo.appendChild(imgFondo);<!-- [et_pb_line_break_holder] -->  gsap.set(imgFondo, {<!-- [et_pb_line_break_holder] -->    attr:{id:'imgFondo'+i, class:'imgFondo'},<!-- [et_pb_line_break_holder] -->    width:'100%',<!-- [et_pb_line_break_holder] -->    height:'100%',<!-- [et_pb_line_break_holder] -->    backgroundImage:'url(' + capitulos[i].imagen + ')',<!-- [et_pb_line_break_holder] -->    backgroundSize:'cover',<!-- [et_pb_line_break_holder] -->    backgroundPosition:'center',<!-- [et_pb_line_break_holder] -->  })<!-- [et_pb_line_break_holder] -->  <!-- [et_pb_line_break_holder] -->  var b = document.createElement('div');<!-- [et_pb_line_break_holder] -->  var link = document.createElement('a');<!-- [et_pb_line_break_holder] -->  link.href = capitulos[i].url;<!-- [et_pb_line_break_holder] -->  link.appendChild(b);<!-- [et_pb_line_break_holder] -->  <!-- [et_pb_line_break_holder] -->  primerPlano.appendChild(link); \/* primerPlano.appendChild(b); *\/<!-- [et_pb_line_break_holder] -->  var ttlCapitulo = document.createElement('div');<!-- [et_pb_line_break_holder] -->  primerPlano.appendChild(ttlCapitulo);<!-- [et_pb_line_break_holder] -->  <!-- [et_pb_line_break_holder] -->  gsap.fromTo(b, {<!-- [et_pb_line_break_holder] -->    attr:{id:'b'+i, class:'cabecera-capitulo'},<!-- [et_pb_line_break_holder] -->    innerHTML:\"<pee class='cap'>Cap\u00edtulo<\/pee><pee>\" +(i+1) + '<\/pee>',<!-- [et_pb_line_break_holder] -->    width:'100%',<!-- [et_pb_line_break_holder] -->    height:'100%',<!-- [et_pb_line_break_holder] -->    borderLeft:(i>0)?'solid 1px #eee':'',<!-- [et_pb_line_break_holder] -->    backgroundColor:'rgba(250,250,250,0)',<!-- [et_pb_line_break_holder] -->    left:i*anchoCerrado,<!-- [et_pb_line_break_holder] -->    transformOrigin:'100% 100%',<!-- [et_pb_line_break_holder] -->    x:'100%'<!-- [et_pb_line_break_holder] -->  },{<!-- [et_pb_line_break_holder] -->    duration:i*0.15,<!-- [et_pb_line_break_holder] -->    x:0,<!-- [et_pb_line_break_holder] -->    ease:'expo.inOut'<!-- [et_pb_line_break_holder] -->  })<!-- [et_pb_line_break_holder] -->  <!-- [et_pb_line_break_holder] -->    gsap.fromTo(ttlCapitulo, {<!-- [et_pb_line_break_holder] -->      attr:{id:'ttlCapitulo'+i, class:'ttlCapitulo'},<!-- [et_pb_line_break_holder] -->      opacity: 0,<!-- [et_pb_line_break_holder] -->      left:i*anchoCerrado,<!-- [et_pb_line_break_holder] -->      innerHTML:'<a href=\"' + capitulos[i].url + '\"><\/p>\n<h2>'+ capitulos[i].titulo +'<\/h2>\n<p><\/a>',<!-- [et_pb_line_break_holder] -->    }, {duration: 2});<!-- [et_pb_line_break_holder] -->  <!-- [et_pb_line_break_holder] -->  \/* Estos eventos producen que la animaci\u00f3n se produzca cuando cliquemos o pasemos el puntero del rat\u00f3n por encima de algo: *\/<!-- [et_pb_line_break_holder] -->  b.onmouseenter = b.onclick = (e)=>{<!-- [et_pb_line_break_holder] -->    \/* Si se pasa el puntero sobre un cap\u00edtulo ya activo, se ignora con 'return': *\/<!-- [et_pb_line_break_holder] -->    if (Number(e.currentTarget.id.substr(1))==actual) return;<!-- [et_pb_line_break_holder] -->    var ordenEscalonamiento = !!(actual < Number(e.currentTarget.id.substr(1)));<!-- [et_pb_line_break_holder] -->    actual = Number(e.currentTarget.id.substr(1));<!-- [et_pb_line_break_holder] -->    gsap.to('.cabecera-capitulo', {<!-- [et_pb_line_break_holder] -->      duration:0.5,<!-- [et_pb_line_break_holder] -->      ease:'elastic.out(0.3)',<!-- [et_pb_line_break_holder] -->      left:(i)=>(i<=actual)? i*anchoCerrado: window.innerWidth-((numDiapos-i)*anchoCerrado),<!-- [et_pb_line_break_holder] -->      x:0,<!-- [et_pb_line_break_holder] -->      stagger: ordenEscalonamiento? 0.05:-0.05<!-- [et_pb_line_break_holder] -->    })<!-- [et_pb_line_break_holder] -->    <!-- [et_pb_line_break_holder] -->    fondo.appendChild( document.getElementById('imgFondo'+actual) )<!-- [et_pb_line_break_holder] -->    \/* Esta animaci\u00f3n produce que cambie la imagen de fondo al pasar el puntero o clicar: *\/<!-- [et_pb_line_break_holder] -->    gsap.fromTo('#imgFondo'+actual, {opacity:0}, {opacity:1, duration:0.3, ease:'power1.inOut'})<!-- [et_pb_line_break_holder] -->    \/* Esta animaci\u00f3n crea el efecto que hace que las im\u00e1genes de fondo aparezcan con un efecto muy leve de rotaci\u00f3n y escalado *\/<!-- [et_pb_line_break_holder] -->    gsap.fromTo('#imgFondo'+actual, {scale:1.05, rotation:0.05}, {scale:1, rotation:0, duration:1.5, ease:'sine'}) <!-- [et_pb_line_break_holder] -->    <!-- [et_pb_line_break_holder] -->    gsap.to('.ttlCapitulo', {<!-- [et_pb_line_break_holder] -->      duration:0,<!-- [et_pb_line_break_holder] -->      ease:'elastic.out(0.3)',<!-- [et_pb_line_break_holder] -->      left:(i)=>(i<=actual)? i*anchoCerrado: window.innerWidth-((numDiapos-i)*anchoCerrado),<!-- [et_pb_line_break_holder] -->      x:0,<!-- [et_pb_line_break_holder] -->      stagger: ordenEscalonamiento? 0.05:-0.05<!-- [et_pb_line_break_holder] -->    })<!-- [et_pb_line_break_holder] -->    \/* Hace desaparecer todos los t\u00edtulos de cap\u00edtulo *\/<!-- [et_pb_line_break_holder] -->    gsap.set('.ttlCapitulo', { opacity: 0, display: \"none\" });<!-- [et_pb_line_break_holder] -->    \/* Hace aparecer el t\u00edtulo de cada cap\u00edtulo *\/<!-- [et_pb_line_break_holder] -->    gsap.fromTo('#ttlCapitulo'+actual, {opacity: 0}, {opacity: 1, display: \"block\", duration: 0});<!-- [et_pb_line_break_holder] -->    <!-- [et_pb_line_break_holder] -->  }  \/* fin de la funci\u00f3n asignada a b.onmouseenter y b.onclick  *\/<!-- [et_pb_line_break_holder] -->} \/* Fin del bucle for *\/<!-- [et_pb_line_break_holder] -->window.onresize = (e)=>{<!-- [et_pb_line_break_holder] -->  anchoCerrado = Math.floor(window.innerWidth\/10)<!-- [et_pb_line_break_holder] -->  gsap.set('.cabecera-capitulo', { x:0, left:(i)=> (i<=actual)? i*anchoCerrado: window.innerWidth-((numDiapos-i)*anchoCerrado) })<!-- [et_pb_line_break_holder] -->}<!-- [et_pb_line_break_holder] --><\/script>[\/et_pb_fullwidth_code][\/et_pb_section]<\/p>\n<span class=\"et_bloom_bottom_trigger\"><\/span>","protected":false},"excerpt":{"rendered":"<p>Segunda entrega del Proyecto Retos Vitales (2022), con el objetivo de impulsar acciones efectivas que nos permiten afrontar los desaf\u00edos sociales, econ\u00f3micos y ecol\u00f3gicos que condicionan nuestras vidas<\/p>\n","protected":false},"author":1,"featured_media":7277,"parent":7858,"menu_order":0,"comment_status":"closed","ping_status":"closed","template":"","meta":{"_et_pb_use_builder":"on","_et_pb_old_content":"","_et_gb_content_width":"","footnotes":""},"class_list":["post-7845","page","type-page","status-publish","has-post-thumbnail","hentry"],"yoast_head":"<!-- This site is optimized with the Yoast SEO plugin v27.4 - https:\/\/yoast.com\/product\/yoast-seo-wordpress\/ -->\n<title>2022 Challenges for a new era &#183; RAED Foundation<\/title>\n<meta name=\"robots\" content=\"index, follow, max-snippet:-1, max-image-preview:large, max-video-preview:-1\" \/>\n<link rel=\"canonical\" href=\"https:\/\/fundacionraed.org\/en\/vital-challenges\/2022-report\/\" \/>\n<meta property=\"og:locale\" content=\"en_US\" \/>\n<meta property=\"og:type\" content=\"article\" \/>\n<meta property=\"og:title\" content=\"2022 Challenges for a new era &#183; RAED Foundation\" \/>\n<meta property=\"og:description\" content=\"Segunda entrega del Proyecto Retos Vitales (2022), con el objetivo de impulsar acciones efectivas que nos permiten afrontar los desaf\u00edos sociales, econ\u00f3micos y ecol\u00f3gicos que condicionan nuestras vidas\" \/>\n<meta property=\"og:url\" content=\"https:\/\/fundacionraed.org\/en\/vital-challenges\/2022-report\/\" \/>\n<meta property=\"og:site_name\" content=\"RAED Foundation\" \/>\n<meta property=\"article:publisher\" content=\"https:\/\/www.facebook.com\/raed.academy\" \/>\n<meta property=\"article:modified_time\" content=\"2022-06-22T14:29:06+00:00\" \/>\n<meta property=\"og:image\" content=\"https:\/\/fundacionraed.org\/wp-content\/uploads\/2022\/05\/logo-retos-vitales-2022-txt-negro-cuadrado-470px.webp\" \/>\n\t<meta property=\"og:image:width\" content=\"470\" \/>\n\t<meta property=\"og:image:height\" content=\"470\" \/>\n\t<meta property=\"og:image:type\" content=\"image\/webp\" \/>\n<meta name=\"twitter:card\" content=\"summary_large_image\" \/>\n<meta name=\"twitter:site\" content=\"@FundacionRaed\" \/>\n<meta name=\"twitter:label1\" content=\"Est. reading time\" \/>\n\t<meta name=\"twitter:data1\" content=\"3 minutes\" \/>\n<script type=\"application\/ld+json\" class=\"yoast-schema-graph\">{\"@context\":\"https:\\\/\\\/schema.org\",\"@graph\":[{\"@type\":\"WebPage\",\"@id\":\"https:\\\/\\\/fundacionraed.org\\\/en\\\/vital-challenges\\\/2022-report\\\/\",\"url\":\"https:\\\/\\\/fundacionraed.org\\\/en\\\/vital-challenges\\\/2022-report\\\/\",\"name\":\"2022 Challenges for a new era &#183; RAED Foundation\",\"isPartOf\":{\"@id\":\"https:\\\/\\\/fundacionraed.org\\\/#website\"},\"primaryImageOfPage\":{\"@id\":\"https:\\\/\\\/fundacionraed.org\\\/en\\\/vital-challenges\\\/2022-report\\\/#primaryimage\"},\"image\":{\"@id\":\"https:\\\/\\\/fundacionraed.org\\\/en\\\/vital-challenges\\\/2022-report\\\/#primaryimage\"},\"thumbnailUrl\":\"https:\\\/\\\/fundacionraed.org\\\/wp-content\\\/uploads\\\/2022\\\/05\\\/logo-retos-vitales-2022-txt-negro-cuadrado-470px.webp\",\"datePublished\":\"2022-06-21T08:42:22+00:00\",\"dateModified\":\"2022-06-22T14:29:06+00:00\",\"breadcrumb\":{\"@id\":\"https:\\\/\\\/fundacionraed.org\\\/en\\\/vital-challenges\\\/2022-report\\\/#breadcrumb\"},\"inLanguage\":\"en-US\",\"potentialAction\":[{\"@type\":\"ReadAction\",\"target\":[\"https:\\\/\\\/fundacionraed.org\\\/en\\\/vital-challenges\\\/2022-report\\\/\"]}]},{\"@type\":\"ImageObject\",\"inLanguage\":\"en-US\",\"@id\":\"https:\\\/\\\/fundacionraed.org\\\/en\\\/vital-challenges\\\/2022-report\\\/#primaryimage\",\"url\":\"https:\\\/\\\/fundacionraed.org\\\/wp-content\\\/uploads\\\/2022\\\/05\\\/logo-retos-vitales-2022-txt-negro-cuadrado-470px.webp\",\"contentUrl\":\"https:\\\/\\\/fundacionraed.org\\\/wp-content\\\/uploads\\\/2022\\\/05\\\/logo-retos-vitales-2022-txt-negro-cuadrado-470px.webp\",\"width\":470,\"height\":470},{\"@type\":\"BreadcrumbList\",\"@id\":\"https:\\\/\\\/fundacionraed.org\\\/en\\\/vital-challenges\\\/2022-report\\\/#breadcrumb\",\"itemListElement\":[{\"@type\":\"ListItem\",\"position\":1,\"name\":\"Home\",\"item\":\"https:\\\/\\\/fundacionraed.org\\\/en\\\/nueva-portada\\\/\"},{\"@type\":\"ListItem\",\"position\":2,\"name\":\"Vital Challenges for a new era\",\"item\":\"https:\\\/\\\/fundacionraed.org\\\/en\\\/vital-challenges\\\/\"},{\"@type\":\"ListItem\",\"position\":3,\"name\":\"2022 Challenges for a new era\"}]},{\"@type\":\"WebSite\",\"@id\":\"https:\\\/\\\/fundacionraed.org\\\/#website\",\"url\":\"https:\\\/\\\/fundacionraed.org\\\/\",\"name\":\"RAED Foundation\",\"description\":\"Fundaci\u00f3n Pro Real Academia Europea de Doctores. Barcelona 1914\",\"publisher\":{\"@id\":\"https:\\\/\\\/fundacionraed.org\\\/#organization\"},\"potentialAction\":[{\"@type\":\"SearchAction\",\"target\":{\"@type\":\"EntryPoint\",\"urlTemplate\":\"https:\\\/\\\/fundacionraed.org\\\/?s={search_term_string}\"},\"query-input\":{\"@type\":\"PropertyValueSpecification\",\"valueRequired\":true,\"valueName\":\"search_term_string\"}}],\"inLanguage\":\"en-US\"},{\"@type\":\"Organization\",\"@id\":\"https:\\\/\\\/fundacionraed.org\\\/#organization\",\"name\":\"Fundaci\u00f3n Pro RAED\",\"url\":\"https:\\\/\\\/fundacionraed.org\\\/\",\"logo\":{\"@type\":\"ImageObject\",\"inLanguage\":\"en-US\",\"@id\":\"https:\\\/\\\/fundacionraed.org\\\/#\\\/schema\\\/logo\\\/image\\\/\",\"url\":\"https:\\\/\\\/fundacionraed.org\\\/wp-content\\\/uploads\\\/2020\\\/04\\\/Logo-Fundacion-RAED-600px.jpg\",\"contentUrl\":\"https:\\\/\\\/fundacionraed.org\\\/wp-content\\\/uploads\\\/2020\\\/04\\\/Logo-Fundacion-RAED-600px.jpg\",\"width\":600,\"height\":268,\"caption\":\"Fundaci\u00f3n Pro RAED\"},\"image\":{\"@id\":\"https:\\\/\\\/fundacionraed.org\\\/#\\\/schema\\\/logo\\\/image\\\/\"},\"sameAs\":[\"https:\\\/\\\/www.facebook.com\\\/raed.academy\",\"https:\\\/\\\/x.com\\\/FundacionRaed\",\"https:\\\/\\\/www.linkedin.com\\\/company\\\/fundacion-raed\\\/\",\"https:\\\/\\\/www.youtube.com\\\/channel\\\/UCiNjYaLeBkGeQ3xy2eHJ10w\\\/\"]}]}<\/script>\n<!-- \/ Yoast SEO plugin. -->","yoast_head_json":{"title":"2022 Challenges for a new era &#183; RAED Foundation","robots":{"index":"index","follow":"follow","max-snippet":"max-snippet:-1","max-image-preview":"max-image-preview:large","max-video-preview":"max-video-preview:-1"},"canonical":"https:\/\/fundacionraed.org\/en\/vital-challenges\/2022-report\/","og_locale":"en_US","og_type":"article","og_title":"2022 Challenges for a new era &#183; RAED Foundation","og_description":"Segunda entrega del Proyecto Retos Vitales (2022), con el objetivo de impulsar acciones efectivas que nos permiten afrontar los desaf\u00edos sociales, econ\u00f3micos y ecol\u00f3gicos que condicionan nuestras vidas","og_url":"https:\/\/fundacionraed.org\/en\/vital-challenges\/2022-report\/","og_site_name":"RAED Foundation","article_publisher":"https:\/\/www.facebook.com\/raed.academy","article_modified_time":"2022-06-22T14:29:06+00:00","og_image":[{"width":470,"height":470,"url":"https:\/\/fundacionraed.org\/wp-content\/uploads\/2022\/05\/logo-retos-vitales-2022-txt-negro-cuadrado-470px.webp","type":"image\/webp"}],"twitter_card":"summary_large_image","twitter_site":"@FundacionRaed","twitter_misc":{"Est. reading time":"3 minutes"},"schema":{"@context":"https:\/\/schema.org","@graph":[{"@type":"WebPage","@id":"https:\/\/fundacionraed.org\/en\/vital-challenges\/2022-report\/","url":"https:\/\/fundacionraed.org\/en\/vital-challenges\/2022-report\/","name":"2022 Challenges for a new era &#183; RAED Foundation","isPartOf":{"@id":"https:\/\/fundacionraed.org\/#website"},"primaryImageOfPage":{"@id":"https:\/\/fundacionraed.org\/en\/vital-challenges\/2022-report\/#primaryimage"},"image":{"@id":"https:\/\/fundacionraed.org\/en\/vital-challenges\/2022-report\/#primaryimage"},"thumbnailUrl":"https:\/\/fundacionraed.org\/wp-content\/uploads\/2022\/05\/logo-retos-vitales-2022-txt-negro-cuadrado-470px.webp","datePublished":"2022-06-21T08:42:22+00:00","dateModified":"2022-06-22T14:29:06+00:00","breadcrumb":{"@id":"https:\/\/fundacionraed.org\/en\/vital-challenges\/2022-report\/#breadcrumb"},"inLanguage":"en-US","potentialAction":[{"@type":"ReadAction","target":["https:\/\/fundacionraed.org\/en\/vital-challenges\/2022-report\/"]}]},{"@type":"ImageObject","inLanguage":"en-US","@id":"https:\/\/fundacionraed.org\/en\/vital-challenges\/2022-report\/#primaryimage","url":"https:\/\/fundacionraed.org\/wp-content\/uploads\/2022\/05\/logo-retos-vitales-2022-txt-negro-cuadrado-470px.webp","contentUrl":"https:\/\/fundacionraed.org\/wp-content\/uploads\/2022\/05\/logo-retos-vitales-2022-txt-negro-cuadrado-470px.webp","width":470,"height":470},{"@type":"BreadcrumbList","@id":"https:\/\/fundacionraed.org\/en\/vital-challenges\/2022-report\/#breadcrumb","itemListElement":[{"@type":"ListItem","position":1,"name":"Home","item":"https:\/\/fundacionraed.org\/en\/nueva-portada\/"},{"@type":"ListItem","position":2,"name":"Vital Challenges for a new era","item":"https:\/\/fundacionraed.org\/en\/vital-challenges\/"},{"@type":"ListItem","position":3,"name":"2022 Challenges for a new era"}]},{"@type":"WebSite","@id":"https:\/\/fundacionraed.org\/#website","url":"https:\/\/fundacionraed.org\/","name":"RAED Foundation","description":"Fundaci\u00f3n Pro Real Academia Europea de Doctores. Barcelona 1914","publisher":{"@id":"https:\/\/fundacionraed.org\/#organization"},"potentialAction":[{"@type":"SearchAction","target":{"@type":"EntryPoint","urlTemplate":"https:\/\/fundacionraed.org\/?s={search_term_string}"},"query-input":{"@type":"PropertyValueSpecification","valueRequired":true,"valueName":"search_term_string"}}],"inLanguage":"en-US"},{"@type":"Organization","@id":"https:\/\/fundacionraed.org\/#organization","name":"Fundaci\u00f3n Pro RAED","url":"https:\/\/fundacionraed.org\/","logo":{"@type":"ImageObject","inLanguage":"en-US","@id":"https:\/\/fundacionraed.org\/#\/schema\/logo\/image\/","url":"https:\/\/fundacionraed.org\/wp-content\/uploads\/2020\/04\/Logo-Fundacion-RAED-600px.jpg","contentUrl":"https:\/\/fundacionraed.org\/wp-content\/uploads\/2020\/04\/Logo-Fundacion-RAED-600px.jpg","width":600,"height":268,"caption":"Fundaci\u00f3n Pro RAED"},"image":{"@id":"https:\/\/fundacionraed.org\/#\/schema\/logo\/image\/"},"sameAs":["https:\/\/www.facebook.com\/raed.academy","https:\/\/x.com\/FundacionRaed","https:\/\/www.linkedin.com\/company\/fundacion-raed\/","https:\/\/www.youtube.com\/channel\/UCiNjYaLeBkGeQ3xy2eHJ10w\/"]}]}},"_links":{"self":[{"href":"https:\/\/fundacionraed.org\/en\/wp-json\/wp\/v2\/pages\/7845","targetHints":{"allow":["GET"]}}],"collection":[{"href":"https:\/\/fundacionraed.org\/en\/wp-json\/wp\/v2\/pages"}],"about":[{"href":"https:\/\/fundacionraed.org\/en\/wp-json\/wp\/v2\/types\/page"}],"author":[{"embeddable":true,"href":"https:\/\/fundacionraed.org\/en\/wp-json\/wp\/v2\/users\/1"}],"replies":[{"embeddable":true,"href":"https:\/\/fundacionraed.org\/en\/wp-json\/wp\/v2\/comments?post=7845"}],"version-history":[{"count":6,"href":"https:\/\/fundacionraed.org\/en\/wp-json\/wp\/v2\/pages\/7845\/revisions"}],"predecessor-version":[{"id":7865,"href":"https:\/\/fundacionraed.org\/en\/wp-json\/wp\/v2\/pages\/7845\/revisions\/7865"}],"up":[{"embeddable":true,"href":"https:\/\/fundacionraed.org\/en\/wp-json\/wp\/v2\/pages\/7858"}],"wp:featuredmedia":[{"embeddable":true,"href":"https:\/\/fundacionraed.org\/en\/wp-json\/wp\/v2\/media\/7277"}],"wp:attachment":[{"href":"https:\/\/fundacionraed.org\/en\/wp-json\/wp\/v2\/media?parent=7845"}],"curies":[{"name":"wp","href":"https:\/\/api.w.org\/{rel}","templated":true}]}}